{"id":9,"date":"2020-08-14T14:29:45","date_gmt":"2020-08-14T14:29:45","guid":{"rendered":"https:\/\/startersites.io\/blocksy\/business\/?page_id=9"},"modified":"2025-10-30T15:48:03","modified_gmt":"2025-10-30T15:48:03","slug":"home","status":"publish","type":"page","link":"https:\/\/rednetsystem.com\/neutronfarma\/","title":{"rendered":"Home"},"content":{"rendered":"\t\t<div data-elementor-type=\"wp-page\" data-elementor-id=\"9\" class=\"elementor elementor-9\">\n\t\t\t\t<div class=\"elementor-element elementor-element-2cd4aa0 e-con-full e-flex e-con e-parent\" data-id=\"2cd4aa0\" data-element_type=\"container\" data-e-type=\"container\">\n\t\t\t\t<\/div>\n\t\t<div class=\"elementor-element elementor-element-5d5fc40 e-flex e-con-boxed e-con e-parent\" data-id=\"5d5fc40\" data-element_type=\"container\" data-e-type=\"container\">\n\t\t\t\t\t<div class=\"e-con-inner\">\n\t\t<div class=\"elementor-element elementor-element-1bbf57c e-con-full e-flex e-con e-child\" data-id=\"1bbf57c\" data-element_type=\"container\" data-e-type=\"container\">\n\t\t\t\t<div class=\"elementor-element elementor-element-9e10656 elementor-widget elementor-widget-text-editor\" data-id=\"9e10656\" data-element_type=\"widget\" data-e-type=\"widget\" data-widget_type=\"text-editor.default\">\n\t\t\t\t<div class=\"elementor-widget-container\">\n\t\t\t\t\t\t\t\t\t<div class=\"pharma-lab\">\n    <div class=\"pharma-container\">\n     \n\n      <div class=\"pharma-grid\">\n        <!-- Main Content -->\n        <main>\n          <article class=\"pharma-card pharma-fade-in\">\n            <div class=\"pharma-card-header\">\n              <div class=\"pharma-card-icon\">\ud83c\udfdb\ufe0f<\/div>\n              <h2 class=\"pharma-card-title\">Historia y Fundaci\u00f3n<\/h2>\n            <\/div>\n            \n            <div class=\"pharma-badge\">\n              \ud83d\udccb R.A. 169-DEMID \u2022 25 febrero 2012\n            <\/div>\n            \n            <div class=\"pharma-card-content\">\n              <p>\n                Desde nuestro establecimiento, hemos mantenido un enfoque claro en \n                <span class=\"pharma-highlight\">la elaboraci\u00f3n de productos farmac\u00e9uticos<\/span> \n                que contribuyan al cuidado integral de la salud mediante soluciones magistrales, \n                gal\u00e9nicas, naturales y las <strong>11 f\u00f3rmulas intracelulares<\/strong> desarrolladas \n                por el Dr. Demetrio Cabrera Rom\u00e1n.\n              <\/p>\n\n              <div class=\"pharma-features\">\n                <div class=\"pharma-feature\">\n                  <span class=\"pharma-feature-icon\">\ud83d\udc8a<\/span>\n                  <div class=\"pharma-feature-text\">Magistrales<\/div>\n                <\/div>\n                <div class=\"pharma-feature\">\n                  <span class=\"pharma-feature-icon\">\ud83c\udf3f<\/span>\n                  <div class=\"pharma-feature-text\">Naturales<\/div>\n                <\/div>\n                <div class=\"pharma-feature\">\n                  <span class=\"pharma-feature-icon\">\u2697\ufe0f<\/span>\n                  <div class=\"pharma-feature-text\">Homeop\u00e1ticos<\/div>\n                <\/div>\n                <div class=\"pharma-feature\">\n                  <span class=\"pharma-feature-icon\">\ud83d\udd2c<\/span>\n                  <div class=\"pharma-feature-text\">Intracelulares<\/div>\n                <\/div>\n              <\/div>\n\n              <p>\n                A trav\u00e9s de un convenio exclusivo, desarrollamos \n                <span class=\"pharma-highlight\">Medicamentos Intracelulares Energ\u00e9ticos<\/span>, \n                fundamentados en investigaci\u00f3n cient\u00edfica de los \n                <strong>117 ecosistemas mundiales<\/strong>, combinando ciencia y naturaleza \n                para garantizar productos seguros y eficaces.\n              <\/p>\n            <\/div>\n          <\/article>\n\n          <article class=\"pharma-card pharma-fade-in\">\n            <div class=\"pharma-card-header\">\n              <div class=\"pharma-card-icon\">\ud83d\udd2c<\/div>\n              <h2 class=\"pharma-card-title\">Investigaci\u00f3n y Desarrollo<\/h2>\n            <\/div>\n            \n            <div class=\"pharma-card-content\">\n              <p>\n                Nuestro compromiso con la <span class=\"pharma-highlight\">investigaci\u00f3n cient\u00edfica<\/span> \n                se refleja en cada formulaci\u00f3n, resultado de a\u00f1os de estudio y desarrollo \n                de alternativas terap\u00e9uticas innovadoras.\n              <\/p>\n              \n              <p>\n                Mantenemos est\u00e1ndares internacionales de calidad y seguridad, \n                respaldados por protocolos rigurosos de investigaci\u00f3n y desarrollo \n                que garantizan la eficacia de nuestros productos farmac\u00e9uticos.\n              <\/p>\n            <\/div>\n          <\/article>\n        <\/main>\n\n        <!-- Sidebar -->\n        <aside class=\"pharma-sidebar\">\n          <div class=\"pharma-info-card pharma-fade-in\">\n            <span class=\"pharma-info-number\">2012<\/span>\n            <div class=\"pharma-info-label\">A\u00f1o de constituci\u00f3n<\/div>\n          <\/div>\n\n          <div class=\"pharma-brands pharma-fade-in\">\n            <div class=\"pharma-brands-header\">\n              <h3 class=\"pharma-brands-title\">\n                \ud83c\udff7\ufe0f Marcas Registradas\n              <\/h3>\n            <\/div>\n            \n            <ul class=\"pharma-brands-grid\">\n              <li class=\"pharma-brand\">Aretina<\/li>\n              <li class=\"pharma-brand\">Assed<\/li>\n              <li class=\"pharma-brand\">Baiser<\/li>\n              <li class=\"pharma-brand\">Deployer<\/li>\n              <li class=\"pharma-brand\">Gredel<\/li>\n              <li class=\"pharma-brand\">Impasser<\/li>\n              <li class=\"pharma-brand\">Krischman<\/li>\n              <li class=\"pharma-brand\">Naurri<\/li>\n              <li class=\"pharma-brand\">Siquil<\/li>\n              <li class=\"pharma-brand\">Yasud<\/li>\n            <\/ul>\n          <\/div>\n        <\/aside>\n      <\/div>\n    <\/div>\n  <\/div>\n<\/body>\n<\/html>\t\t\t\t\t\t\t\t<\/div>\n\t\t\t\t<\/div>\n\t\t\t\t<div class=\"elementor-element elementor-element-ba9c287 elementor-widget elementor-widget-html\" data-id=\"ba9c287\" data-element_type=\"widget\" data-e-type=\"widget\" data-widget_type=\"html.default\">\n\t\t\t\t<div class=\"elementor-widget-container\">\n\t\t\t\t\t<style>\r\n    \/* Scoped styles for pharmaceutical lab *\/\r\n    .pharma-lab {\r\n      --primary-green: #009132;\r\n      --primary-green-dark: #068131;\r\n      --accent-orange: #ff6600;\r\n      --accent-light-blue: #c2f4ff;\r\n      --neutral-50: #f8fafc;\r\n      --neutral-100: #f1f5f9;\r\n      --neutral-200: #e2e8f0;\r\n      --neutral-300: #cbd5e1;\r\n      --neutral-600: #475569;\r\n      --neutral-700: #334155;\r\n      --neutral-800: #1e293b;\r\n      --white: #ffffff;\r\n      --shadow: 0 1px 3px 0 rgb(0 0 0 \/ 0.1);\r\n      --shadow-md: 0 4px 6px -1px rgb(0 0 0 \/ 0.1);\r\n      --shadow-lg: 0 10px 15px -3px rgb(0 0 0 \/ 0.1);\r\n      \r\n \r\n      color: var(--neutral-800);\r\n      line-height: 1.6;\r\n      margin: 0;\r\n      padding: 0;\r\n    }\r\n\r\n    .pharma-lab * {\r\n      box-sizing: border-box;\r\n    }\r\n\r\n    .pharma-container {\r\n      max-width: 1100px;\r\n      margin: 0 auto;\r\n     \r\n    }\r\n\r\n    \/* Compact Professional Header *\/\r\n    .pharma-header {\r\n      background: var(--white);\r\n      border: 1px solid var(--neutral-200);\r\n      border-radius: 12px;\r\n      padding: 2rem;\r\n      margin-bottom: 2rem;\r\n      box-shadow: var(--shadow);\r\n      text-align: center;\r\n      position: relative;\r\n    }\r\n\r\n    .pharma-header::before {\r\n      content: '';\r\n      position: absolute;\r\n      top: 0;\r\n      left: 0;\r\n      right: 0;\r\n      height: 3px;\r\n      background: linear-gradient(90deg, var(--primary-green), var(--primary-green-dark), var(--accent-orange));\r\n      border-radius: 12px 12px 0 0;\r\n    }\r\n\r\n    .pharma-title {\r\n      font-size: 1.75rem;\r\n      font-weight: 700;\r\n      color: var(--primary-green);\r\n      margin: 0 0 0.5rem 0;\r\n      letter-spacing: -0.025em;\r\n    }\r\n\r\n    .pharma-subtitle {\r\n      font-size: 1rem;\r\n      color: var(--neutral-600);\r\n      margin: 0 0 1.5rem 0;\r\n      max-width: 600px;\r\n      margin-left: auto;\r\n      margin-right: auto;\r\n    }\r\n\r\n    .pharma-metrics {\r\n      display: flex;\r\n      justify-content: center;\r\n      gap: 3rem;\r\n      margin-top: 1.5rem;\r\n    }\r\n\r\n    .pharma-metric {\r\n      text-align: center;\r\n    }\r\n\r\n    .pharma-metric-number {\r\n      display: block;\r\n      font-size: 1.5rem;\r\n      font-weight: 800;\r\n      color: var(--primary-green-dark);\r\n      line-height: 1;\r\n    }\r\n\r\n    .pharma-metric-label {\r\n      font-size: 0.75rem;\r\n      color: var(--neutral-600);\r\n      text-transform: uppercase;\r\n      letter-spacing: 0.05em;\r\n      margin-top: 0.25rem;\r\n    }\r\n\r\n    \/* Main Content Grid *\/\r\n    .pharma-grid {\r\n      display: grid;\r\n      grid-template-columns: 2fr 1fr;\r\n      gap: 2rem;\r\n    }\r\n\r\n    \/* Cards *\/\r\n    .pharma-card {\r\n      background: var(--white);\r\n      border: 1px solid var(--neutral-200);\r\n      border-radius: 8px;\r\n      padding: 1.75rem;\r\n      margin-bottom: 1.5rem;\r\n      box-shadow: var(--shadow);\r\n      transition: all 0.2s ease;\r\n    }\r\n\r\n    .pharma-card:hover {\r\n      box-shadow: var(--shadow-md);\r\n      transform: translateY(-1px);\r\n    }\r\n\r\n    .pharma-card-header {\r\n      display: flex;\r\n      align-items: center;\r\n      margin-bottom: 1rem;\r\n      padding-bottom: 0.75rem;\r\n      border-bottom: 1px solid var(--neutral-200);\r\n    }\r\n\r\n    .pharma-card-icon {\r\n      width: 32px;\r\n      height: 32px;\r\n      background: var(--primary-green);\r\n      border-radius: 6px;\r\n      display: flex;\r\n      align-items: center;\r\n      justify-content: center;\r\n      margin-right: 0.75rem;\r\n      font-size: 1rem;\r\n      color: white;\r\n    }\r\n\r\n   .pharma-card-title {\r\n    font-weight: 600;\r\n    color: var(--neutral-800);\r\n    margin: 0;\r\n    width: 100%;\r\n    border-bottom: none;\r\n}\r\n\r\n    .pharma-card-content {\r\n      color: var(--neutral-600);\r\n      font-size: 0.9rem;\r\n      line-height: 1.6;\r\n    }\r\n\r\n   .pharma-card-content p {\r\n    margin: 0 0 1rem 0;\r\n    text-align: justify;\r\n}\r\n\r\n    .pharma-card-content p:last-child {\r\n      margin-bottom: 0;\r\n    }\r\n\r\n    \/* Highlight elements *\/\r\n    .pharma-highlight {\r\n      background: var(--accent-light-blue);\r\n      color: var(--primary-green-dark);\r\n      padding: 0.125rem 0.375rem;\r\n      border-radius: 4px;\r\n      font-weight: 500;\r\n    }\r\n\r\n    .pharma-badge {\r\n      display: inline-flex;\r\n      align-items: center;\r\n      gap: 0.25rem;\r\n      background: var(--accent-orange);\r\n      color: white;\r\n      font-size: 0.75rem;\r\n      font-weight: 500;\r\n      padding: 0.375rem 0.75rem;\r\n      border-radius: 20px;\r\n      margin-bottom: 1rem;\r\n    }\r\n\r\n    \/* Features Grid *\/\r\n    .pharma-features {\r\n      display: grid;\r\n      grid-template-columns: repeat(2, 1fr);\r\n      gap: 0.75rem;\r\n      margin: 1.25rem 0;\r\n    }\r\n\r\n    .pharma-feature {\r\n      background: var(--neutral-50);\r\n      border: 1px solid var(--neutral-200);\r\n      padding: 1rem;\r\n      border-radius: 6px;\r\n      text-align: center;\r\n      transition: all 0.2s ease;\r\n    }\r\n\r\n    .pharma-feature:hover {\r\n      background: var(--white);\r\n      border-color: var(--primary-green);\r\n    }\r\n\r\n    .pharma-feature-icon {\r\n      font-size: 1.25rem;\r\n      margin-bottom: 0.5rem;\r\n      display: block;\r\n    }\r\n\r\n    .pharma-feature-text {\r\n      font-size: 0.8rem;\r\n      font-weight: 500;\r\n      color: var(--neutral-700);\r\n    }\r\n\r\n    \/* Sidebar *\/\r\n    .pharma-sidebar {\r\n      display: flex;\r\n      flex-direction: column;\r\n      gap: 1.5rem;\r\n    }\r\n\r\n    .pharma-info-card {\r\n      background: linear-gradient(135deg, var(--primary-green) 0%, var(--primary-green-dark) 100%);\r\n      color: white;\r\n      padding: 1.5rem;\r\n      border-radius: 8px;\r\n      text-align: center;\r\n      box-shadow: var(--shadow-md);\r\n    }\r\n\r\n    .pharma-info-number {\r\n      font-size: 2rem;\r\n      font-weight: 800;\r\n      display: block;\r\n      margin-bottom: 0.25rem;\r\n    }\r\n\r\n    .pharma-info-label {\r\n      font-size: 0.8rem;\r\n      opacity: 0.9;\r\n    }\r\n\r\n    \/* Brands Section *\/\r\n    .pharma-brands {\r\n      background: var(--white);\r\n      border: 1px solid var(--neutral-200);\r\n      border-radius: 8px;\r\n      padding: 1.5rem;\r\n      box-shadow: var(--shadow);\r\n    }\r\n\r\n    .pharma-brands-header {\r\n      text-align: center;\r\n      margin-bottom: 1.25rem;\r\n      padding-bottom: 0.75rem;\r\n      border-bottom: 1px solid var(--neutral-200);\r\n    }\r\n\r\n    .pharma-brands-title {\r\n      font-size: 1rem;\r\n      font-weight: 600;\r\n      color: var(--neutral-800);\r\n      margin: 0;\r\n      display: flex;\r\n      align-items: center;\r\n      justify-content: center;\r\n      gap: 0.5rem;\r\n    }\r\n\r\n    .pharma-brands-grid {\r\n      display: grid;\r\n      grid-template-columns: repeat(2, 1fr);\r\n      gap: 0.5rem;\r\n      list-style: none;\r\n      padding: 0;\r\n      margin: 0;\r\n    }\r\n\r\n    .pharma-brand {\r\n      background: var(--neutral-50);\r\n      border: 1px solid var(--neutral-200);\r\n      padding: 0.75rem 0.5rem;\r\n      border-radius: 4px;\r\n      text-align: center;\r\n      font-weight: 500;\r\n      font-size: 0.8rem;\r\n      color: var(--neutral-700);\r\n      transition: all 0.2s ease;\r\n      cursor: pointer;\r\n    }\r\n\r\n    .pharma-brand:hover {\r\n      background: var(--primary-green);\r\n      color: white;\r\n      border-color: var(--primary-green);\r\n      transform: translateY(-1px);\r\n    }\r\n\r\n    \/* Responsive Design *\/\r\n    @media (max-width: 768px) {\r\n      .pharma-container {\r\n        padding: 1rem;\r\n      }\r\n\r\n      .pharma-grid {\r\n        grid-template-columns: 1fr;\r\n        gap: 1.5rem;\r\n      }\r\n\r\n      .pharma-metrics {\r\n        flex-direction: column;\r\n        gap: 1rem;\r\n      }\r\n\r\n      .pharma-header {\r\n        padding: 1.5rem;\r\n      }\r\n\r\n      .pharma-title {\r\n        font-size: 1.5rem;\r\n      }\r\n\r\n      .pharma-card {\r\n        padding: 1.25rem;\r\n      }\r\n\r\n      .pharma-features {\r\n        grid-template-columns: 1fr;\r\n      }\r\n\r\n      .pharma-brands-grid {\r\n        grid-template-columns: 1fr;\r\n      }\r\n    }\r\n\r\n    \/* Subtle animations *\/\r\n    .pharma-fade-in {\r\n      opacity: 0;\r\n      transform: translateY(10px);\r\n      animation: pharmaFadeIn 0.4s ease forwards;\r\n    }\r\n\r\n    .pharma-fade-in:nth-child(1) { animation-delay: 0.05s; }\r\n    .pharma-fade-in:nth-child(2) { animation-delay: 0.1s; }\r\n    .pharma-fade-in:nth-child(3) { animation-delay: 0.15s; }\r\n\r\n    @keyframes pharmaFadeIn {\r\n      to {\r\n        opacity: 1;\r\n        transform: translateY(0);\r\n      }\r\n    }\r\n\r\n    \/* Focus styles for accessibility *\/\r\n    .pharma-lab *:focus {\r\n      outline: 2px solid var(--accent-orange);\r\n      outline-offset: 2px;\r\n    }\r\n  <\/style>\t\t\t\t<\/div>\n\t\t\t\t<\/div>\n\t\t\t\t<\/div>\n\t\t<div class=\"elementor-element elementor-element-4589dc0 e-con-full e-flex e-con e-child\" data-id=\"4589dc0\" data-element_type=\"container\" data-e-type=\"container\" data-settings=\"{&quot;background_background&quot;:&quot;classic&quot;}\">\n\t\t<div class=\"elementor-element elementor-element-9280675 e-con-full e-flex e-con e-child\" data-id=\"9280675\" data-element_type=\"container\" data-e-type=\"container\">\n\t\t\t\t<div class=\"elementor-element elementor-element-3111fc0 elementor-widget elementor-widget-html\" data-id=\"3111fc0\" data-element_type=\"widget\" data-e-type=\"widget\" data-widget_type=\"html.default\">\n\t\t\t\t<div class=\"elementor-widget-container\">\n\t\t\t\t\t<nav id=\"bellows-main-10\" class=\"bellows bellows-nojs bellows-main bellows-source-menu bellows-align-full bellows-skin-blue-material bellows-type-\"><ul id=\"menu-menulateral\" class=\"bellows-nav\" data-bellows-config=\"main\"><li id=\"menu-item-1200\" class=\"bellows-menu-item bellows-menu-item-type-post_type bellows-menu-item-object-page bellows-menu-item-1200 bellows-item-level-0\"><a  href=\"https:\/\/rednetsystem.com\/neutronfarma\/formulas-medicamentos-intracelulares\/\" class=\"bellows-target\"><span class=\"bellows-target-title bellows-target-text\">F\u00f3rmulas Intracelulares<\/span><\/a><\/li>\n<li id=\"menu-item-1201\" class=\"bellows-menu-item bellows-menu-item-type-post_type bellows-menu-item-object-page bellows-menu-item-1201 bellows-item-level-0\"><a  href=\"https:\/\/rednetsystem.com\/neutronfarma\/elaboracion-y-fabricacion\/\" class=\"bellows-target\"><span class=\"bellows-target-title bellows-target-text\">Elaboraci\u00f3n y Fabricaci\u00f3n<\/span><\/a><\/li>\n<li id=\"menu-item-1190\" class=\"bellows-menu-item bellows-menu-item-type-post_type bellows-menu-item-object-page bellows-menu-item-1190 bellows-item-level-0\"><a  href=\"https:\/\/rednetsystem.com\/neutronfarma\/base-legal\/\" class=\"bellows-target\"><span class=\"bellows-target-title bellows-target-text\">Base Legal<\/span><\/a><\/li>\n<li id=\"menu-item-1189\" class=\"bellows-menu-item bellows-menu-item-type-post_type bellows-menu-item-object-page bellows-menu-item-1189 bellows-item-level-0\"><a  href=\"https:\/\/rednetsystem.com\/neutronfarma\/leyes-internacionales\/\" class=\"bellows-target\"><span class=\"bellows-target-title bellows-target-text\">Leyes Internacionales<\/span><\/a><\/li>\n<li id=\"menu-item-1326\" class=\"bellows-menu-item bellows-menu-item-type-post_type bellows-menu-item-object-page bellows-menu-item-1326 bellows-item-level-0\"><a  href=\"https:\/\/rednetsystem.com\/neutronfarma\/staff-de-profesionales\/\" class=\"bellows-target\"><span class=\"bellows-target-title bellows-target-text\">Staff de Profesionales<\/span><\/a><\/li>\n<li id=\"menu-item-1204\" class=\"bellows-menu-item bellows-menu-item-type-post_type bellows-menu-item-object-page bellows-menu-item-1204 bellows-item-level-0\"><a  href=\"https:\/\/rednetsystem.com\/neutronfarma\/convenios\/\" class=\"bellows-target\"><span class=\"bellows-target-title bellows-target-text\">Convenios<\/span><\/a><\/li>\n<li id=\"menu-item-1371\" class=\"bellows-menu-item bellows-menu-item-type-post_type bellows-menu-item-object-page bellows-menu-item-1371 bellows-item-level-0\"><a  href=\"https:\/\/rednetsystem.com\/neutronfarma\/protocolo-de-botica\/\" class=\"bellows-target\"><span class=\"bellows-target-title bellows-target-text\">Protocolo de Botica<\/span><\/a><\/li>\n<li id=\"menu-item-1213\" class=\"bellows-menu-item bellows-menu-item-type-post_type bellows-menu-item-object-page bellows-menu-item-1213 bellows-item-level-0\"><a  href=\"https:\/\/rednetsystem.com\/neutronfarma\/galeria\/\" class=\"bellows-target\"><span class=\"bellows-target-title bellows-target-text\">Galer\u00eda<\/span><\/a><\/li>\n<li id=\"menu-item-1219\" class=\"bellows-menu-item bellows-menu-item-type-post_type bellows-menu-item-object-page bellows-menu-item-1219 bellows-item-level-0\"><a  href=\"https:\/\/rednetsystem.com\/neutronfarma\/vademecum-de-formulas-intracemulares-vphm\/\" class=\"bellows-target\"><span class=\"bellows-target-title bellows-target-text\">Vadem\u00e9cum de f\u00f3rmulas Intracemulares (VPHM)<\/span><\/a><\/li>\n<li id=\"menu-item-1188\" class=\"bellows-menu-item bellows-menu-item-type-post_type bellows-menu-item-object-page bellows-menu-item-1188 bellows-item-level-0\"><a  href=\"https:\/\/rednetsystem.com\/neutronfarma\/contactenos\/\" class=\"bellows-target\"><span class=\"bellows-target-title bellows-target-text\">Cont\u00e1ctenos<\/span><\/a><\/li>\n<\/ul><\/nav>\t\t\t\t<\/div>\n\t\t\t\t<\/div>\n\t\t\t\t<\/div>\n\t\t\t\t<\/div>\n\t\t\t\t\t<\/div>\n\t\t\t\t<\/div>\n\t\t\t\t<\/div>\n\t\t","protected":false},"excerpt":{"rendered":"<p>\ud83c\udfdb\ufe0f Historia y Fundaci\u00f3n \ud83d\udccb R.A. 169-DEMID \u2022 25 febrero 2012 Desde nuestro establecimiento, hemos mantenido un enfoque claro en la elaboraci\u00f3n de productos farmac\u00e9uticos que contribuyan al cuidado integral de la salud mediante soluciones magistrales, gal\u00e9nicas, naturales y las 11 f\u00f3rmulas intracelulares desarrolladas por el Dr. Demetrio Cabrera Rom\u00e1n. \ud83d\udc8a Magistrales \ud83c\udf3f Naturales \u2697\ufe0f [&hellip;]<\/p>\n","protected":false},"author":1,"featured_media":0,"parent":0,"menu_order":0,"comment_status":"closed","ping_status":"closed","template":"","meta":{"footnotes":""},"class_list":["post-9","page","type-page","status-publish","hentry"],"blocksy_meta":{"page_title_panel":"","has_hero_section":"disabled","a021d615acb00704d22a215bb20821ff":"","hero_section":"type-2","hero_elements":[{"id":"custom_title","enabled":true,"heading_tag":"h1","title":"Home"},{"id":"custom_description","enabled":true,"description_visibility":{"desktop":true,"tablet":true,"mobile":false}},{"id":"custom_meta","enabled":false,"meta_elements":[{"id":"author","enabled":true,"label":"By","has_author_avatar":"yes","avatar_size":25},{"id":"post_date","enabled":true,"label":"On","date_format_source":"default","date_format":"M j, Y"},{"id":"comments","enabled":true}],"page_meta_elements":{"joined":true,"articles_count":true,"comments":true}},{"id":"breadcrumbs","enabled":false}],"d0505c9bc2c3a100918983b7672c5e6d":"","hero_alignment1":"left","hero_alignment2":"center","hero_vertical_alignment":"center","69a73150cebfaece67402936f1c0455f":"","hero_structure":"narrow","bd1080d581870d75437a0aec7ce14d23":"","page_title_bg_type":"featured_image","custom_hero_background":{"attachment_id":null},"parallax":{"desktop":false,"tablet":false,"mobile":false},"a45ed0d64b9a771c158335017296bd80":"","hero_height":"250px","pageTitleFont":{"family":"Default","variation":"Default","size":{"desktop":"32px","tablet":"30px","mobile":"25px"},"line-height":"CT_CSS_SKIP_RULE","letter-spacing":"CT_CSS_SKIP_RULE","text-transform":"CT_CSS_SKIP_RULE","text-decoration":"CT_CSS_SKIP_RULE"},"pageTitleFontColor":{"default":{"color":"CT_CSS_SKIP_RULEDEFAULT"}},"pageMetaFont":{"family":"Default","variation":"n6","size":{"desktop":"12px","tablet":"12px","mobile":"12px"},"line-height":"1.3","letter-spacing":"CT_CSS_SKIP_RULE","text-transform":"uppercase","text-decoration":"CT_CSS_SKIP_RULE"},"pageMetaFontColor":{"default":{"color":"CT_CSS_SKIP_RULEDEFAULT"},"hover":{"color":"CT_CSS_SKIP_RULEDEFAULT"}},"pageExcerptFont":{"family":"Default","variation":"Default","size":"CT_CSS_SKIP_RULE","line-height":"CT_CSS_SKIP_RULE","letter-spacing":"CT_CSS_SKIP_RULE","text-transform":"CT_CSS_SKIP_RULE","text-decoration":"CT_CSS_SKIP_RULE"},"pageExcerptColor":{"default":{"color":"CT_CSS_SKIP_RULEDEFAULT"}},"breadcrumbsFont":{"family":"Default","variation":"n6","size":"12px","line-height":"CT_CSS_SKIP_RULE","letter-spacing":"CT_CSS_SKIP_RULE","text-transform":"uppercase","text-decoration":"CT_CSS_SKIP_RULE"},"breadcrumbsFontColor":{"default":{"color":"CT_CSS_SKIP_RULEDEFAULT"},"initial":{"color":"CT_CSS_SKIP_RULEDEFAULT"},"hover":{"color":"CT_CSS_SKIP_RULEDEFAULT"}},"pageTitleOverlay":{"default":{"color":"rgba(41, 51, 60, 0.2)"}},"pageTitleBackground":{"background_type":"color","background_pattern":"type-1","background_image":{"attachment_id":null,"x":0,"y":0},"background_repeat":"no-repeat","background_size":"auto","background_attachment":"scroll","patternColor":{"default":{"color":"#e5e7ea"}},"backgroundColor":{"default":{"color":"#EDEFF2"}}},"c0700eea2d5f2a79943114245d9b0d3c":"","page_structure_type":"type-4","content_style":"wide","vertical_spacing_source":"custom","content_area_spacing":"none","background":{"background_type":"color","background_pattern":"type-1","background_image":{"attachment_id":null,"x":0,"y":0},"background_repeat":"no-repeat","background_size":"auto","background_attachment":"scroll","patternColor":{"default":{"color":"#e5e7ea"}},"backgroundColor":{"default":{"color":"CT_CSS_SKIP_RULE"}}},"content_background":{"background_type":"color","background_pattern":"type-1","background_image":{"attachment_id":null,"x":0,"y":0},"background_repeat":"no-repeat","background_size":"auto","background_attachment":"scroll","patternColor":{"default":{"color":"#e5e7ea"}},"backgroundColor":{"default":{"color":"#ffffff"}}},"content_boxed_spacing":{"desktop":"40px","tablet":"35px","mobile":"20px"},"content_boxed_radius":{"top":"3px","bottom":"3px","left":"3px","right":"3px","linked":true},"content_boxed_shadow":{"blur":18,"spread":-6,"v_offset":12,"h_offset":0,"inset":false,"enable":true,"color":{"color":"rgba(34, 56, 101, 0.04)"}},"05c14464af83440d2458a3b59cd3c7c8":"","disable_featured_image":"no","disable_header":"no","disable_footer":"no","styles_descriptor":{"styles":{"desktop":"[data-prefix=\"single_page\"] [class*=\"ct-container\"] > article[class*=\"post\"] {--has-boxed:var(--false);--has-wide:var(--true);}","tablet":"","mobile":""},"google_fonts":[],"version":6},"content_style_source":"custom"},"_links":{"self":[{"href":"https:\/\/rednetsystem.com\/neutronfarma\/wp-json\/wp\/v2\/pages\/9","targetHints":{"allow":["GET"]}}],"collection":[{"href":"https:\/\/rednetsystem.com\/neutronfarma\/wp-json\/wp\/v2\/pages"}],"about":[{"href":"https:\/\/rednetsystem.com\/neutronfarma\/wp-json\/wp\/v2\/types\/page"}],"author":[{"embeddable":true,"href":"https:\/\/rednetsystem.com\/neutronfarma\/wp-json\/wp\/v2\/users\/1"}],"replies":[{"embeddable":true,"href":"https:\/\/rednetsystem.com\/neutronfarma\/wp-json\/wp\/v2\/comments?post=9"}],"version-history":[{"count":75,"href":"https:\/\/rednetsystem.com\/neutronfarma\/wp-json\/wp\/v2\/pages\/9\/revisions"}],"predecessor-version":[{"id":1317,"href":"https:\/\/rednetsystem.com\/neutronfarma\/wp-json\/wp\/v2\/pages\/9\/revisions\/1317"}],"wp:attachment":[{"href":"https:\/\/rednetsystem.com\/neutronfarma\/wp-json\/wp\/v2\/media?parent=9"}],"curies":[{"name":"wp","href":"https:\/\/api.w.org\/{rel}","templated":true}]}}