{"id":215,"date":"2020-08-17T14:42:04","date_gmt":"2020-08-17T14:42:04","guid":{"rendered":"https:\/\/startersites.io\/blocksy\/business\/?page_id=215"},"modified":"2025-09-19T15:15:40","modified_gmt":"2025-09-19T15:15:40","slug":"nosotros","status":"publish","type":"page","link":"https:\/\/rednetsystem.com\/neutronfarma\/nosotros\/","title":{"rendered":"Nosotros"},"content":{"rendered":"\t\t<div data-elementor-type=\"wp-page\" data-elementor-id=\"215\" class=\"elementor elementor-215\">\n\t\t\t\t<div class=\"elementor-element elementor-element-a99d9fd e-flex e-con-boxed e-con e-parent\" data-id=\"a99d9fd\" data-element_type=\"container\" data-e-type=\"container\">\n\t\t\t\t\t<div class=\"e-con-inner\">\n\t\t\t\t<div class=\"elementor-element elementor-element-0be2fa9 elementor-widget elementor-widget-text-editor\" data-id=\"0be2fa9\" data-element_type=\"widget\" data-e-type=\"widget\" data-widget_type=\"text-editor.default\">\n\t\t\t\t<div class=\"elementor-widget-container\">\n\t\t\t\t\t\t\t\t\t<h1>Laboratorio Farmac\u00e9utico Homeop\u00e1tico &amp; Planta de Nutrac\u00e9uticos<\/h1><p>Calidad y confianza en medicina natural y nutricional<\/p><section><h2>\u00bfQu\u00e9 hacemos?<\/h2><ul><li>Elaboraci\u00f3n de f\u00f3rmulas magistrales homeop\u00e1ticas a pedido de profesionales, instituciones p\u00fablicas y privadas.<\/li><li>Producci\u00f3n de preparados oficinales, qu\u00edmicos, cannabis activa, ivermectina y m\u00e1s.<\/li><li>Desarrollo de f\u00f3rmulas con marcas registradas seg\u00fan requerimiento institucional.<\/li><\/ul><\/section><section><h2>Productos Nutrac\u00e9uticos Destacados<\/h2><div class=\"product\"><h3>KRISCHMAN<\/h3><p>Nutrac\u00e9utico formulado para mejorar en un 95% los siguientes problemas:<\/p><ul><li>Artrosis<\/li><li>Debilidad mental<\/li><li>\u00dalcera g\u00e1strica<\/li><li>Reumatismo<\/li><li>Asma<\/li><li>Y otros padecimientos<\/li><\/ul><\/div><div class=\"product\"><h3>BAISSER<\/h3><p>Nutrac\u00e9utico dise\u00f1ado para mejorar en un 95% condiciones como:<\/p><ul><li>Trastornos inmunol\u00f3gicos<\/li><li>Diabetes<\/li><li>Hipertensi\u00f3n arterial<\/li><li>Y m\u00e1s enfermedades cr\u00f3nicas<\/li><\/ul><\/div><\/section><section><h2>Certificaciones y Autorizaciones<\/h2><ul><li>Contamos con registro sanitario.<\/li><li>Autorizados por DEMID \u2013 DIGEMID y DIGESA.<\/li><li>Preparaci\u00f3n personalizada de medicamentos magistrales y nutrac\u00e9uticos como KRISCHMAN y BAISSER.<\/li><\/ul><\/section>\t\t\t\t\t\t\t\t<\/div>\n\t\t\t\t<\/div>\n\t\t\t\t\t<\/div>\n\t\t\t\t<\/div>\n\t\t\t\t<\/div>\n\t\t","protected":false},"excerpt":{"rendered":"<p>Laboratorio Farmac\u00e9utico Homeop\u00e1tico &amp; Planta de Nutrac\u00e9uticos Calidad y confianza en medicina natural y nutricional \u00bfQu\u00e9 hacemos? Elaboraci\u00f3n de f\u00f3rmulas magistrales homeop\u00e1ticas a pedido de profesionales, instituciones p\u00fablicas y privadas. Producci\u00f3n de preparados oficinales, qu\u00edmicos, cannabis activa, ivermectina y m\u00e1s. Desarrollo de f\u00f3rmulas con marcas registradas seg\u00fan requerimiento institucional. Productos Nutrac\u00e9uticos Destacados KRISCHMAN Nutrac\u00e9utico formulado [&hellip;]<\/p>\n","protected":false},"author":1,"featured_media":822,"parent":0,"menu_order":0,"comment_status":"closed","ping_status":"closed","template":"","meta":{"footnotes":""},"class_list":["post-215","page","type-page","status-publish","has-post-thumbnail","hentry"],"blocksy_meta":{"page_title_panel":"","has_hero_section":"disabled","0df2dca53447789c9966a9ee2482ae8e":"","hero_section":"type-2","hero_elements":[{"id":"custom_title","enabled":true,"heading_tag":"h1","title":"Home"},{"id":"custom_description","enabled":true,"description_visibility":{"desktop":true,"tablet":true,"mobile":false}},{"id":"custom_meta","enabled":false,"meta_elements":[{"id":"author","enabled":true,"label":"By","has_author_avatar":"yes","avatar_size":25},{"id":"post_date","enabled":true,"label":"On","date_format_source":"default","date_format":"M j, Y"},{"id":"comments","enabled":true}],"page_meta_elements":{"joined":true,"articles_count":true,"comments":true}},{"id":"breadcrumbs","enabled":false}],"9a068402903147dab0312ed721d813d1":"","hero_alignment1":"left","hero_alignment2":"center","hero_vertical_alignment":"center","878df3921d36f5f7834a2f50f2d62119":"","hero_structure":"narrow","c672b96ecc952ad64c8c2d7fdf1a61dc":"","page_title_bg_type":"featured_image","custom_hero_background":{"attachment_id":null},"parallax":{"desktop":false,"tablet":false,"mobile":false},"cc7bcd5456d7cac909e888486d83b616":"","hero_height":"0px","pageTitleFont":{"family":"Default","variation":"Default","size":{"desktop":"32px","tablet":"30px","mobile":"25px"},"line-height":"CT_CSS_SKIP_RULE","letter-spacing":"CT_CSS_SKIP_RULE","text-transform":"uppercase","text-decoration":"CT_CSS_SKIP_RULE"},"pageTitleFontColor":{"default":{"color":"var(--theme-palette-color-4)"}},"pageMetaFont":{"family":"Default","variation":"n6","size":"12px","line-height":"1.3","letter-spacing":"CT_CSS_SKIP_RULE","text-transform":"uppercase","text-decoration":"CT_CSS_SKIP_RULE"},"pageMetaFontColor":{"default":{"color":"CT_CSS_SKIP_RULEDEFAULT"},"hover":{"color":"CT_CSS_SKIP_RULEDEFAULT"}},"pageExcerptFont":{"family":"Default","variation":"Default","size":"CT_CSS_SKIP_RULE","line-height":"CT_CSS_SKIP_RULE","letter-spacing":"CT_CSS_SKIP_RULE","text-transform":"CT_CSS_SKIP_RULE","text-decoration":"CT_CSS_SKIP_RULE"},"pageExcerptColor":{"default":{"color":"CT_CSS_SKIP_RULEDEFAULT"}},"breadcrumbsFont":{"family":"Default","variation":"n6","size":"12px","line-height":"CT_CSS_SKIP_RULE","letter-spacing":"CT_CSS_SKIP_RULE","text-transform":"uppercase","text-decoration":"CT_CSS_SKIP_RULE"},"breadcrumbsFontColor":{"default":{"color":"CT_CSS_SKIP_RULEDEFAULT"},"initial":{"color":"CT_CSS_SKIP_RULEDEFAULT"},"hover":{"color":"CT_CSS_SKIP_RULEDEFAULT"}},"pageTitleOverlay":{"background_type":"color","background_pattern":"type-1","background_image":{"attachment_id":null,"x":0,"y":0},"background_repeat":"no-repeat","background_size":"auto","background_attachment":"scroll","patternColor":{"default":{"color":"#e5e7ea"}},"backgroundColor":{"default":{"color":"rgba(42, 52, 61, 0)"}}},"pageTitleBackground":{"background_type":"color","background_pattern":"type-1","background_image":{"attachment_id":null,"x":0,"y":0},"background_repeat":"no-repeat","background_size":"auto","background_attachment":"scroll","patternColor":{"default":{"color":"#e5e7ea"}},"backgroundColor":{"default":{"color":"#EDEFF2"}}},"5384544efa2613b7222fa667fe0c3bd5":"","page_structure_type":"default","content_style":"inherit","vertical_spacing_source":"inherit","content_area_spacing":"none","background":{"background_type":"color","background_pattern":"type-1","background_image":{"attachment_id":null,"x":0,"y":0},"background_repeat":"no-repeat","background_size":"auto","background_attachment":"scroll","patternColor":{"default":{"color":"#e5e7ea"}},"backgroundColor":{"default":{"color":"CT_CSS_SKIP_RULE"}}},"content_background":{"background_type":"color","background_pattern":"type-1","background_image":{"attachment_id":null,"x":0,"y":0},"background_repeat":"no-repeat","background_size":"auto","background_attachment":"scroll","patternColor":{"default":{"color":"#e5e7ea"}},"backgroundColor":{"default":{"color":"#ffffff"}}},"content_boxed_spacing":{"desktop":"40px","tablet":"35px","mobile":"20px"},"content_boxed_radius":{"top":"3px","bottom":"3px","left":"3px","right":"3px","linked":true},"content_boxed_shadow":{"blur":18,"spread":-6,"v_offset":12,"h_offset":0,"inset":false,"enable":true,"color":{"color":"rgba(34, 56, 101, 0.04)"}},"7b360c47770bb2bc7820037d1b7ccdae":"","disable_featured_image":"no","disable_header":"no","disable_footer":"no","styles_descriptor":{"styles":{"desktop":"","tablet":"","mobile":""},"google_fonts":[],"version":6}},"_links":{"self":[{"href":"https:\/\/rednetsystem.com\/neutronfarma\/wp-json\/wp\/v2\/pages\/215","targetHints":{"allow":["GET"]}}],"collection":[{"href":"https:\/\/rednetsystem.com\/neutronfarma\/wp-json\/wp\/v2\/pages"}],"about":[{"href":"https:\/\/rednetsystem.com\/neutronfarma\/wp-json\/wp\/v2\/types\/page"}],"author":[{"embeddable":true,"href":"https:\/\/rednetsystem.com\/neutronfarma\/wp-json\/wp\/v2\/users\/1"}],"replies":[{"embeddable":true,"href":"https:\/\/rednetsystem.com\/neutronfarma\/wp-json\/wp\/v2\/comments?post=215"}],"version-history":[{"count":20,"href":"https:\/\/rednetsystem.com\/neutronfarma\/wp-json\/wp\/v2\/pages\/215\/revisions"}],"predecessor-version":[{"id":1111,"href":"https:\/\/rednetsystem.com\/neutronfarma\/wp-json\/wp\/v2\/pages\/215\/revisions\/1111"}],"wp:featuredmedia":[{"embeddable":true,"href":"https:\/\/rednetsystem.com\/neutronfarma\/wp-json\/wp\/v2\/media\/822"}],"wp:attachment":[{"href":"https:\/\/rednetsystem.com\/neutronfarma\/wp-json\/wp\/v2\/media?parent=215"}],"curies":[{"name":"wp","href":"https:\/\/api.w.org\/{rel}","templated":true}]}}